{"id":10213,"date":"2021-07-26T10:36:17","date_gmt":"2021-07-26T13:36:17","guid":{"rendered":"https:\/\/penseavanti.com.br\/e-commerce-vtex-tech-support-and-store-evolution-agency\/"},"modified":"2021-07-26T10:36:17","modified_gmt":"2021-07-26T13:36:17","slug":"e-commerce-vtex-tech-support-and-store-evolution-agency","status":"publish","type":"page","link":"https:\/\/penseavanti.com.br\/ecommerce\/en\/e-commerce-vtex-tech-support-and-store-evolution-agency\/","title":{"rendered":"E-commerce VTEX Tech Support and Store Evolution Agency"},"content":{"rendered":"","protected":false},"excerpt":{"rendered":"","protected":false},"author":10,"featured_media":0,"parent":0,"menu_order":97,"comment_status":"closed","ping_status":"closed","template":"tpl-services.php","meta":{"inline_featured_image":false,"footnotes":""},"acf":[],"yoast_head":"<!-- This site is optimized with the Yoast SEO plugin v21.9.1 - https:\/\/yoast.com\/wordpress\/plugins\/seo\/ -->\n<title>E-commerce VTEX Tech Support and Store Evolution Agency<\/title>\n<meta name=\"description\" content=\"The E-commerce Tech Support and Store Evolution Agency specialized in VTEX with over 10 years of experience in the segment and with 40 specialized and VTEX certified professionals.\" \/>\n<meta name=\"robots\" content=\"index, follow, max-snippet:-1, max-image-preview:large, max-video-preview:-1\" \/>\n<link rel=\"canonical\" href=\"https:\/\/penseavanti.com.br\/ecommerce\/en\/e-commerce-vtex-tech-support-and-store-evolution-agency\/\" \/>\n<meta property=\"og:locale\" content=\"en_US\" \/>\n<meta property=\"og:type\" content=\"article\" \/>\n<meta property=\"og:title\" content=\"E-commerce VTEX Tech Support and Store Evolution Agency\" \/>\n<meta property=\"og:description\" content=\"The E-commerce Tech Support and Store Evolution Agency specialized in VTEX with over 10 years of experience in the segment and with 40 specialized and VTEX certified professionals.\" \/>\n<meta property=\"og:url\" content=\"https:\/\/penseavanti.com.br\/ecommerce\/en\/e-commerce-vtex-tech-support-and-store-evolution-agency\/\" \/>\n<meta property=\"og:site_name\" content=\"Avanti | e-commerce e Marketing Digital\" \/>\n<meta property=\"article:publisher\" content=\"https:\/\/www.facebook.com\/penseavanti\/\" \/>\n<meta name=\"twitter:card\" content=\"summary_large_image\" \/>\n<!-- \/ Yoast SEO plugin. -->","yoast_head_json":{"title":"E-commerce VTEX Tech Support and Store Evolution Agency","description":"The E-commerce Tech Support and Store Evolution Agency specialized in VTEX with over 10 years of experience in the segment and with 40 specialized and VTEX certified professionals.","robots":{"index":"index","follow":"follow","max-snippet":"max-snippet:-1","max-image-preview":"max-image-preview:large","max-video-preview":"max-video-preview:-1"},"canonical":"https:\/\/penseavanti.com.br\/ecommerce\/en\/e-commerce-vtex-tech-support-and-store-evolution-agency\/","og_locale":"en_US","og_type":"article","og_title":"E-commerce VTEX Tech Support and Store Evolution Agency","og_description":"The E-commerce Tech Support and Store Evolution Agency specialized in VTEX with over 10 years of experience in the segment and with 40 specialized and VTEX certified professionals.","og_url":"https:\/\/penseavanti.com.br\/ecommerce\/en\/e-commerce-vtex-tech-support-and-store-evolution-agency\/","og_site_name":"Avanti | e-commerce e Marketing Digital","article_publisher":"https:\/\/www.facebook.com\/penseavanti\/","twitter_card":"summary_large_image","schema":{"@context":"https:\/\/schema.org","@graph":[{"@type":"WebPage","@id":"https:\/\/penseavanti.com.br\/ecommerce\/en\/e-commerce-vtex-tech-support-and-store-evolution-agency\/","url":"https:\/\/penseavanti.com.br\/ecommerce\/en\/e-commerce-vtex-tech-support-and-store-evolution-agency\/","name":"E-commerce VTEX Tech Support and Store Evolution Agency","isPartOf":{"@id":"https:\/\/penseavanti.com.br\/ecommerce\/en\/#website"},"datePublished":"2021-07-26T13:36:17+00:00","dateModified":"2021-07-26T13:36:17+00:00","description":"The E-commerce Tech Support and Store Evolution Agency specialized in VTEX with over 10 years of experience in the segment and with 40 specialized and VTEX certified professionals.","breadcrumb":{"@id":"https:\/\/penseavanti.com.br\/ecommerce\/en\/e-commerce-vtex-tech-support-and-store-evolution-agency\/#breadcrumb"},"inLanguage":"en-US","potentialAction":[{"@type":"ReadAction","target":["https:\/\/penseavanti.com.br\/ecommerce\/en\/e-commerce-vtex-tech-support-and-store-evolution-agency\/"]}]},{"@type":"BreadcrumbList","@id":"https:\/\/penseavanti.com.br\/ecommerce\/en\/e-commerce-vtex-tech-support-and-store-evolution-agency\/#breadcrumb","itemListElement":[{"@type":"ListItem","position":1,"name":"In\u00edcio","item":"https:\/\/penseavanti.com.br\/ecommerce\/en\/"},{"@type":"ListItem","position":2,"name":"E-commerce VTEX Tech Support and Store Evolution Agency"}]},{"@type":"WebSite","@id":"https:\/\/penseavanti.com.br\/ecommerce\/en\/#website","url":"https:\/\/penseavanti.com.br\/ecommerce\/en\/","name":"Avanti | e-commerce e Marketing Digital","description":"Acelerando GRANDES MARCAS no Com\u00e9rcio Digital. Como uma das maiores empresas de solu\u00e7\u00f5es para e-commerce do Brasil, a Avanti \u00e9 pioneira e especialista em usar o poder da tecnologia para acelerar o Com\u00e9rcio Digital do varejo, ind\u00fastria e servi\u00e7os","publisher":{"@id":"https:\/\/penseavanti.com.br\/ecommerce\/en\/#organization"},"potentialAction":[{"@type":"SearchAction","target":{"@type":"EntryPoint","urlTemplate":"https:\/\/penseavanti.com.br\/ecommerce\/en\/?s={search_term_string}"},"query-input":"required name=search_term_string"}],"inLanguage":"en-US"},{"@type":"Organization","@id":"https:\/\/penseavanti.com.br\/ecommerce\/en\/#organization","name":"Avanti E-commerce e Marketing Digital","url":"https:\/\/penseavanti.com.br\/ecommerce\/en\/","logo":{"@type":"ImageObject","inLanguage":"en-US","@id":"https:\/\/penseavanti.com.br\/ecommerce\/en\/#\/schema\/logo\/image\/","url":"http:\/\/penseavanti.com.br\/wp-content\/uploads\/2021\/03\/Logo_A.png","contentUrl":"http:\/\/penseavanti.com.br\/wp-content\/uploads\/2021\/03\/Logo_A.png","width":200,"height":200,"caption":"Avanti E-commerce e Marketing Digital"},"image":{"@id":"https:\/\/penseavanti.com.br\/ecommerce\/en\/#\/schema\/logo\/image\/"},"sameAs":["https:\/\/www.facebook.com\/penseavanti\/","https:\/\/www.instagram.com\/penseavanti\/","https:\/\/www.linkedin.com\/company\/penseavanti\/","https:\/\/youtube.com\/user\/penseavanti\/"]}]}},"_links":{"self":[{"href":"https:\/\/penseavanti.com.br\/ecommerce\/en\/wp-json\/wp\/v2\/pages\/10213"}],"collection":[{"href":"https:\/\/penseavanti.com.br\/ecommerce\/en\/wp-json\/wp\/v2\/pages"}],"about":[{"href":"https:\/\/penseavanti.com.br\/ecommerce\/en\/wp-json\/wp\/v2\/types\/page"}],"author":[{"embeddable":true,"href":"https:\/\/penseavanti.com.br\/ecommerce\/en\/wp-json\/wp\/v2\/users\/10"}],"replies":[{"embeddable":true,"href":"https:\/\/penseavanti.com.br\/ecommerce\/en\/wp-json\/wp\/v2\/comments?post=10213"}],"version-history":[{"count":0,"href":"https:\/\/penseavanti.com.br\/ecommerce\/en\/wp-json\/wp\/v2\/pages\/10213\/revisions"}],"wp:attachment":[{"href":"https:\/\/penseavanti.com.br\/ecommerce\/en\/wp-json\/wp\/v2\/media?parent=10213"}],"curies":[{"name":"wp","href":"https:\/\/api.w.org\/{rel}","templated":true}]}}