{"id":11275,"date":"2021-08-05T14:50:44","date_gmt":"2021-08-05T17:50:44","guid":{"rendered":"https:\/\/penseavanti.com.br\/development-and-implementation-of-vtex-io-pharma-segment\/"},"modified":"2021-10-05T15:06:33","modified_gmt":"2021-10-05T18:06:33","slug":"lp-development-and-implementation-of-vtex-io-pharma-segment-en-us","status":"publish","type":"page","link":"https:\/\/penseavanti.com.br\/ecommerce\/en\/lp-development-and-implementation-of-vtex-io-pharma-segment-en-us\/","title":{"rendered":"Development and Implementation of VTEX IO Pharma Segment  | LP | EN-US"},"content":{"rendered":"","protected":false},"excerpt":{"rendered":"","protected":false},"author":3,"featured_media":8344,"parent":0,"menu_order":73,"comment_status":"closed","ping_status":"closed","template":"tpl-services.php","meta":{"inline_featured_image":false,"footnotes":""},"acf":[],"yoast_head":"<!-- This site is optimized with the Yoast SEO plugin v21.9.1 - https:\/\/yoast.com\/wordpress\/plugins\/seo\/ -->\n<title>Development and Implementation of VTEX IO Pharma Segment<\/title>\n<meta name=\"description\" content=\"Get to know the best Specialized Agency for the Implementation of a VTEX Pharmacy and Health Store.\" \/>\n<meta name=\"robots\" content=\"index, follow, max-snippet:-1, max-image-preview:large, max-video-preview:-1\" \/>\n<link rel=\"canonical\" href=\"https:\/\/penseavanti.com.br\/ecommerce\/en\/lp-development-and-implementation-of-vtex-io-pharma-segment-en-us\/\" \/>\n<meta property=\"og:locale\" content=\"en_US\" \/>\n<meta property=\"og:type\" content=\"article\" \/>\n<meta property=\"og:title\" content=\"Development and Implementation of VTEX IO Pharma Segment\" \/>\n<meta property=\"og:description\" content=\"Get to know the best Specialized Agency for the Implementation of a VTEX Pharmacy and Health Store.\" \/>\n<meta property=\"og:url\" content=\"https:\/\/penseavanti.com.br\/ecommerce\/en\/lp-development-and-implementation-of-vtex-io-pharma-segment-en-us\/\" \/>\n<meta property=\"og:site_name\" content=\"Avanti | e-commerce e Marketing Digital\" \/>\n<meta property=\"article:publisher\" content=\"https:\/\/www.facebook.com\/penseavanti\/\" \/>\n<meta property=\"article:modified_time\" content=\"2021-10-05T18:06:33+00:00\" \/>\n<meta property=\"og:image\" content=\"https:\/\/penseavanti.com.br\/ecommerce\/wp-content\/uploads\/2021\/05\/Banners_Mobile-414x400_farma1.png\" \/>\n\t<meta property=\"og:image:width\" content=\"415\" \/>\n\t<meta property=\"og:image:height\" content=\"401\" \/>\n\t<meta property=\"og:image:type\" content=\"image\/png\" \/>\n<meta name=\"twitter:card\" content=\"summary_large_image\" \/>\n<!-- \/ Yoast SEO plugin. -->","yoast_head_json":{"title":"Development and Implementation of VTEX IO Pharma Segment","description":"Get to know the best Specialized Agency for the Implementation of a VTEX Pharmacy and Health Store.","robots":{"index":"index","follow":"follow","max-snippet":"max-snippet:-1","max-image-preview":"max-image-preview:large","max-video-preview":"max-video-preview:-1"},"canonical":"https:\/\/penseavanti.com.br\/ecommerce\/en\/lp-development-and-implementation-of-vtex-io-pharma-segment-en-us\/","og_locale":"en_US","og_type":"article","og_title":"Development and Implementation of VTEX IO Pharma Segment","og_description":"Get to know the best Specialized Agency for the Implementation of a VTEX Pharmacy and Health Store.","og_url":"https:\/\/penseavanti.com.br\/ecommerce\/en\/lp-development-and-implementation-of-vtex-io-pharma-segment-en-us\/","og_site_name":"Avanti | e-commerce e Marketing Digital","article_publisher":"https:\/\/www.facebook.com\/penseavanti\/","article_modified_time":"2021-10-05T18:06:33+00:00","og_image":[{"width":415,"height":401,"url":"https:\/\/penseavanti.com.br\/ecommerce\/wp-content\/uploads\/2021\/05\/Banners_Mobile-414x400_farma1.png","type":"image\/png"}],"twitter_card":"summary_large_image","schema":{"@context":"https:\/\/schema.org","@graph":[{"@type":"WebPage","@id":"https:\/\/penseavanti.com.br\/ecommerce\/en\/lp-development-and-implementation-of-vtex-io-pharma-segment-en-us\/","url":"https:\/\/penseavanti.com.br\/ecommerce\/en\/lp-development-and-implementation-of-vtex-io-pharma-segment-en-us\/","name":"Development and Implementation of VTEX IO Pharma Segment","isPartOf":{"@id":"https:\/\/penseavanti.com.br\/ecommerce\/en\/#website"},"datePublished":"2021-08-05T17:50:44+00:00","dateModified":"2021-10-05T18:06:33+00:00","description":"Get to know the best Specialized Agency for the Implementation of a VTEX Pharmacy and Health Store.","breadcrumb":{"@id":"https:\/\/penseavanti.com.br\/ecommerce\/en\/lp-development-and-implementation-of-vtex-io-pharma-segment-en-us\/#breadcrumb"},"inLanguage":"en-US","potentialAction":[{"@type":"ReadAction","target":["https:\/\/penseavanti.com.br\/ecommerce\/en\/lp-development-and-implementation-of-vtex-io-pharma-segment-en-us\/"]}]},{"@type":"BreadcrumbList","@id":"https:\/\/penseavanti.com.br\/ecommerce\/en\/lp-development-and-implementation-of-vtex-io-pharma-segment-en-us\/#breadcrumb","itemListElement":[{"@type":"ListItem","position":1,"name":"In\u00edcio","item":"https:\/\/penseavanti.com.br\/ecommerce\/en\/"},{"@type":"ListItem","position":2,"name":"Development and Implementation of VTEX IO Pharma Segment | LP | EN-US"}]},{"@type":"WebSite","@id":"https:\/\/penseavanti.com.br\/ecommerce\/en\/#website","url":"https:\/\/penseavanti.com.br\/ecommerce\/en\/","name":"Avanti | e-commerce e Marketing Digital","description":"Acelerando GRANDES MARCAS no Com\u00e9rcio Digital. Como uma das maiores empresas de solu\u00e7\u00f5es para e-commerce do Brasil, a Avanti \u00e9 pioneira e especialista em usar o poder da tecnologia para acelerar o Com\u00e9rcio Digital do varejo, ind\u00fastria e servi\u00e7os","publisher":{"@id":"https:\/\/penseavanti.com.br\/ecommerce\/en\/#organization"},"potentialAction":[{"@type":"SearchAction","target":{"@type":"EntryPoint","urlTemplate":"https:\/\/penseavanti.com.br\/ecommerce\/en\/?s={search_term_string}"},"query-input":"required name=search_term_string"}],"inLanguage":"en-US"},{"@type":"Organization","@id":"https:\/\/penseavanti.com.br\/ecommerce\/en\/#organization","name":"Avanti E-commerce e Marketing Digital","url":"https:\/\/penseavanti.com.br\/ecommerce\/en\/","logo":{"@type":"ImageObject","inLanguage":"en-US","@id":"https:\/\/penseavanti.com.br\/ecommerce\/en\/#\/schema\/logo\/image\/","url":"http:\/\/penseavanti.com.br\/wp-content\/uploads\/2021\/03\/Logo_A.png","contentUrl":"http:\/\/penseavanti.com.br\/wp-content\/uploads\/2021\/03\/Logo_A.png","width":200,"height":200,"caption":"Avanti E-commerce e Marketing Digital"},"image":{"@id":"https:\/\/penseavanti.com.br\/ecommerce\/en\/#\/schema\/logo\/image\/"},"sameAs":["https:\/\/www.facebook.com\/penseavanti\/","https:\/\/www.instagram.com\/penseavanti\/","https:\/\/www.linkedin.com\/company\/penseavanti\/","https:\/\/youtube.com\/user\/penseavanti\/"]}]}},"_links":{"self":[{"href":"https:\/\/penseavanti.com.br\/ecommerce\/en\/wp-json\/wp\/v2\/pages\/11275"}],"collection":[{"href":"https:\/\/penseavanti.com.br\/ecommerce\/en\/wp-json\/wp\/v2\/pages"}],"about":[{"href":"https:\/\/penseavanti.com.br\/ecommerce\/en\/wp-json\/wp\/v2\/types\/page"}],"author":[{"embeddable":true,"href":"https:\/\/penseavanti.com.br\/ecommerce\/en\/wp-json\/wp\/v2\/users\/3"}],"replies":[{"embeddable":true,"href":"https:\/\/penseavanti.com.br\/ecommerce\/en\/wp-json\/wp\/v2\/comments?post=11275"}],"version-history":[{"count":3,"href":"https:\/\/penseavanti.com.br\/ecommerce\/en\/wp-json\/wp\/v2\/pages\/11275\/revisions"}],"predecessor-version":[{"id":14444,"href":"https:\/\/penseavanti.com.br\/ecommerce\/en\/wp-json\/wp\/v2\/pages\/11275\/revisions\/14444"}],"wp:featuredmedia":[{"embeddable":true,"href":"https:\/\/penseavanti.com.br\/ecommerce\/en\/wp-json\/wp\/v2\/media\/8344"}],"wp:attachment":[{"href":"https:\/\/penseavanti.com.br\/ecommerce\/en\/wp-json\/wp\/v2\/media?parent=11275"}],"curies":[{"name":"wp","href":"https:\/\/api.w.org\/{rel}","templated":true}]}}