{"id":8722,"date":"2021-06-24T14:14:40","date_gmt":"2021-06-24T17:14:40","guid":{"rendered":"https:\/\/penseavanti.com.br\/seo-for-ecommerce-search-engine-optimization-for-digital-commerce-agency-en-us\/"},"modified":"2021-07-27T10:12:00","modified_gmt":"2021-07-27T13:12:00","slug":"seo-for-ecommerce-search-engine-optimization-for-digital-commerce-agency-en-us","status":"publish","type":"page","link":"https:\/\/penseavanti.com.br\/ecommerce\/en\/seo-for-ecommerce-search-engine-optimization-for-digital-commerce-agency-en-us\/","title":{"rendered":"SEO for ecommerce | Search Engine Optimization for Digital Commerce Agency | EN-US"},"content":{"rendered":"","protected":false},"excerpt":{"rendered":"","protected":false},"author":1,"featured_media":0,"parent":0,"menu_order":106,"comment_status":"closed","ping_status":"closed","template":"tpl-services.php","meta":{"inline_featured_image":false,"footnotes":""},"acf":[],"yoast_head":"<!-- This site is optimized with the Yoast SEO plugin v21.9.1 - https:\/\/yoast.com\/wordpress\/plugins\/seo\/ -->\n<title>SEO | Search Engine Optimization for Digital Commerce Agency<\/title>\n<meta name=\"description\" content=\"Boost your performance on Google and others Search Engines through customized strategy for your ecommerce. Our experts in SEO are trained directly by Google. We are an Premier Partner and are ready to help you to grow your business.\" \/>\n<meta name=\"robots\" content=\"index, follow, max-snippet:-1, max-image-preview:large, max-video-preview:-1\" \/>\n<link rel=\"canonical\" href=\"https:\/\/penseavanti.com.br\/ecommerce\/en\/seo-for-ecommerce-search-engine-optimization-for-digital-commerce-agency-en-us\/\" \/>\n<meta property=\"og:locale\" content=\"en_US\" \/>\n<meta property=\"og:type\" content=\"article\" \/>\n<meta property=\"og:title\" content=\"SEO | Search Engine Optimization for Digital Commerce Agency\" \/>\n<meta property=\"og:description\" content=\"Boost your performance on Google and others Search Engines through customized strategy for your ecommerce. Our experts in SEO are trained directly by Google. We are an Premier Partner and are ready to help you to grow your business.\" \/>\n<meta property=\"og:url\" content=\"https:\/\/penseavanti.com.br\/ecommerce\/en\/seo-for-ecommerce-search-engine-optimization-for-digital-commerce-agency-en-us\/\" \/>\n<meta property=\"og:site_name\" content=\"Avanti | e-commerce e Marketing Digital\" \/>\n<meta property=\"article:publisher\" content=\"https:\/\/www.facebook.com\/penseavanti\/\" \/>\n<meta property=\"article:modified_time\" content=\"2021-07-27T13:12:00+00:00\" \/>\n<meta name=\"twitter:card\" content=\"summary_large_image\" \/>\n<!-- \/ Yoast SEO plugin. -->","yoast_head_json":{"title":"SEO | Search Engine Optimization for Digital Commerce Agency","description":"Boost your performance on Google and others Search Engines through customized strategy for your ecommerce. Our experts in SEO are trained directly by Google. We are an Premier Partner and are ready to help you to grow your business.","robots":{"index":"index","follow":"follow","max-snippet":"max-snippet:-1","max-image-preview":"max-image-preview:large","max-video-preview":"max-video-preview:-1"},"canonical":"https:\/\/penseavanti.com.br\/ecommerce\/en\/seo-for-ecommerce-search-engine-optimization-for-digital-commerce-agency-en-us\/","og_locale":"en_US","og_type":"article","og_title":"SEO | Search Engine Optimization for Digital Commerce Agency","og_description":"Boost your performance on Google and others Search Engines through customized strategy for your ecommerce. Our experts in SEO are trained directly by Google. We are an Premier Partner and are ready to help you to grow your business.","og_url":"https:\/\/penseavanti.com.br\/ecommerce\/en\/seo-for-ecommerce-search-engine-optimization-for-digital-commerce-agency-en-us\/","og_site_name":"Avanti | e-commerce e Marketing Digital","article_publisher":"https:\/\/www.facebook.com\/penseavanti\/","article_modified_time":"2021-07-27T13:12:00+00:00","twitter_card":"summary_large_image","schema":{"@context":"https:\/\/schema.org","@graph":[{"@type":"WebPage","@id":"https:\/\/penseavanti.com.br\/ecommerce\/en\/seo-for-ecommerce-search-engine-optimization-for-digital-commerce-agency-en-us\/","url":"https:\/\/penseavanti.com.br\/ecommerce\/en\/seo-for-ecommerce-search-engine-optimization-for-digital-commerce-agency-en-us\/","name":"SEO | Search Engine Optimization for Digital Commerce Agency","isPartOf":{"@id":"https:\/\/penseavanti.com.br\/ecommerce\/en\/#website"},"datePublished":"2021-06-24T17:14:40+00:00","dateModified":"2021-07-27T13:12:00+00:00","description":"Boost your performance on Google and others Search Engines through customized strategy for your ecommerce. Our experts in SEO are trained directly by Google. We are an Premier Partner and are ready to help you to grow your business.","breadcrumb":{"@id":"https:\/\/penseavanti.com.br\/ecommerce\/en\/seo-for-ecommerce-search-engine-optimization-for-digital-commerce-agency-en-us\/#breadcrumb"},"inLanguage":"en-US","potentialAction":[{"@type":"ReadAction","target":["https:\/\/penseavanti.com.br\/ecommerce\/en\/seo-for-ecommerce-search-engine-optimization-for-digital-commerce-agency-en-us\/"]}]},{"@type":"BreadcrumbList","@id":"https:\/\/penseavanti.com.br\/ecommerce\/en\/seo-for-ecommerce-search-engine-optimization-for-digital-commerce-agency-en-us\/#breadcrumb","itemListElement":[{"@type":"ListItem","position":1,"name":"In\u00edcio","item":"https:\/\/penseavanti.com.br\/ecommerce\/en\/"},{"@type":"ListItem","position":2,"name":"SEO for ecommerce | Search Engine Optimization for Digital Commerce Agency | EN-US"}]},{"@type":"WebSite","@id":"https:\/\/penseavanti.com.br\/ecommerce\/en\/#website","url":"https:\/\/penseavanti.com.br\/ecommerce\/en\/","name":"Avanti | e-commerce e Marketing Digital","description":"Acelerando GRANDES MARCAS no Com\u00e9rcio Digital. Como uma das maiores empresas de solu\u00e7\u00f5es para e-commerce do Brasil, a Avanti \u00e9 pioneira e especialista em usar o poder da tecnologia para acelerar o Com\u00e9rcio Digital do varejo, ind\u00fastria e servi\u00e7os","publisher":{"@id":"https:\/\/penseavanti.com.br\/ecommerce\/en\/#organization"},"potentialAction":[{"@type":"SearchAction","target":{"@type":"EntryPoint","urlTemplate":"https:\/\/penseavanti.com.br\/ecommerce\/en\/?s={search_term_string}"},"query-input":"required name=search_term_string"}],"inLanguage":"en-US"},{"@type":"Organization","@id":"https:\/\/penseavanti.com.br\/ecommerce\/en\/#organization","name":"Avanti E-commerce e Marketing Digital","url":"https:\/\/penseavanti.com.br\/ecommerce\/en\/","logo":{"@type":"ImageObject","inLanguage":"en-US","@id":"https:\/\/penseavanti.com.br\/ecommerce\/en\/#\/schema\/logo\/image\/","url":"http:\/\/penseavanti.com.br\/wp-content\/uploads\/2021\/03\/Logo_A.png","contentUrl":"http:\/\/penseavanti.com.br\/wp-content\/uploads\/2021\/03\/Logo_A.png","width":200,"height":200,"caption":"Avanti E-commerce e Marketing Digital"},"image":{"@id":"https:\/\/penseavanti.com.br\/ecommerce\/en\/#\/schema\/logo\/image\/"},"sameAs":["https:\/\/www.facebook.com\/penseavanti\/","https:\/\/www.instagram.com\/penseavanti\/","https:\/\/www.linkedin.com\/company\/penseavanti\/","https:\/\/youtube.com\/user\/penseavanti\/"]}]}},"_links":{"self":[{"href":"https:\/\/penseavanti.com.br\/ecommerce\/en\/wp-json\/wp\/v2\/pages\/8722"}],"collection":[{"href":"https:\/\/penseavanti.com.br\/ecommerce\/en\/wp-json\/wp\/v2\/pages"}],"about":[{"href":"https:\/\/penseavanti.com.br\/ecommerce\/en\/wp-json\/wp\/v2\/types\/page"}],"author":[{"embeddable":true,"href":"https:\/\/penseavanti.com.br\/ecommerce\/en\/wp-json\/wp\/v2\/users\/1"}],"replies":[{"embeddable":true,"href":"https:\/\/penseavanti.com.br\/ecommerce\/en\/wp-json\/wp\/v2\/comments?post=8722"}],"version-history":[{"count":5,"href":"https:\/\/penseavanti.com.br\/ecommerce\/en\/wp-json\/wp\/v2\/pages\/8722\/revisions"}],"predecessor-version":[{"id":10233,"href":"https:\/\/penseavanti.com.br\/ecommerce\/en\/wp-json\/wp\/v2\/pages\/8722\/revisions\/10233"}],"wp:attachment":[{"href":"https:\/\/penseavanti.com.br\/ecommerce\/en\/wp-json\/wp\/v2\/media?parent=8722"}],"curies":[{"name":"wp","href":"https:\/\/api.w.org\/{rel}","templated":true}]}}