{"id":10062,"date":"2021-07-14T11:09:19","date_gmt":"2021-07-14T14:09:19","guid":{"rendered":"https:\/\/penseavanti.com.br\/lp-case-hipervarejo\/"},"modified":"2022-01-26T10:22:59","modified_gmt":"2022-01-26T13:22:59","slug":"lp-remed-loja-online-vtex-de-farmacias-e-medicamentos-e-commerce","status":"publish","type":"page","link":"https:\/\/penseavanti.com.br\/ecommerce\/lp-remed-loja-online-vtex-de-farmacias-e-medicamentos-e-commerce\/","title":{"rendered":"LP | Go Live | Farm\u00e1cias REMED | Desenvolvimento e Implanta\u00e7\u00e3o VTEX IO Segmento Medicamentos Sa\u00fade e Beleza"},"content":{"rendered":"","protected":false},"excerpt":{"rendered":"","protected":false},"author":3,"featured_media":7399,"parent":0,"menu_order":74,"comment_status":"closed","ping_status":"closed","template":"tpl-services.php","meta":{"inline_featured_image":false,"footnotes":""},"acf":[],"yoast_head":"<!-- This site is optimized with the Yoast SEO plugin v21.9.1 - https:\/\/yoast.com\/wordpress\/plugins\/seo\/ -->\n<title>Remed: Loja online VTEX de Farm\u00e1cias e Medicamentos E-commerce<\/title>\n<meta name=\"description\" content=\"Conhe\u00e7a a Loja online no segmento de Farm\u00e1cias e Medicamentos com tecnologia VTEX. Veja como a Avanti e a Plataforma VTEX fizeram a diferen\u00e7a para acelerar os resultados da REMED.\" \/>\n<meta name=\"robots\" content=\"index, follow, max-snippet:-1, max-image-preview:large, max-video-preview:-1\" \/>\n<link rel=\"canonical\" href=\"https:\/\/penseavanti.com.br\/ecommerce\/lp-remed-loja-online-vtex-de-farmacias-e-medicamentos-e-commerce\/\" \/>\n<meta property=\"og:locale\" content=\"pt_BR\" \/>\n<meta property=\"og:type\" content=\"article\" \/>\n<meta property=\"og:title\" content=\"Remed: Loja online VTEX de Farm\u00e1cias e Medicamentos E-commerce\" \/>\n<meta property=\"og:description\" content=\"Conhe\u00e7a a Loja online no segmento de Farm\u00e1cias e Medicamentos com tecnologia VTEX. Veja como a Avanti e a Plataforma VTEX fizeram a diferen\u00e7a para acelerar os resultados da REMED.\" \/>\n<meta property=\"og:url\" content=\"https:\/\/penseavanti.com.br\/ecommerce\/lp-remed-loja-online-vtex-de-farmacias-e-medicamentos-e-commerce\/\" \/>\n<meta property=\"og:site_name\" content=\"Avanti | e-commerce e Marketing Digital\" \/>\n<meta property=\"article:publisher\" content=\"https:\/\/www.facebook.com\/penseavanti\/\" \/>\n<meta property=\"article:modified_time\" content=\"2022-01-26T13:22:59+00:00\" \/>\n<meta property=\"og:image\" content=\"https:\/\/penseavanti.com.br\/ecommerce\/wp-content\/uploads\/2021\/05\/Banner_Mobile_414x400_farmaAgora.png\" \/>\n\t<meta property=\"og:image:width\" content=\"414\" \/>\n\t<meta property=\"og:image:height\" content=\"400\" \/>\n\t<meta property=\"og:image:type\" content=\"image\/png\" \/>\n<meta name=\"twitter:card\" content=\"summary_large_image\" \/>\n<!-- \/ Yoast SEO plugin. -->","yoast_head_json":{"title":"Remed: Loja online VTEX de Farm\u00e1cias e Medicamentos E-commerce","description":"Conhe\u00e7a a Loja online no segmento de Farm\u00e1cias e Medicamentos com tecnologia VTEX. Veja como a Avanti e a Plataforma VTEX fizeram a diferen\u00e7a para acelerar os resultados da REMED.","robots":{"index":"index","follow":"follow","max-snippet":"max-snippet:-1","max-image-preview":"max-image-preview:large","max-video-preview":"max-video-preview:-1"},"canonical":"https:\/\/penseavanti.com.br\/ecommerce\/lp-remed-loja-online-vtex-de-farmacias-e-medicamentos-e-commerce\/","og_locale":"pt_BR","og_type":"article","og_title":"Remed: Loja online VTEX de Farm\u00e1cias e Medicamentos E-commerce","og_description":"Conhe\u00e7a a Loja online no segmento de Farm\u00e1cias e Medicamentos com tecnologia VTEX. Veja como a Avanti e a Plataforma VTEX fizeram a diferen\u00e7a para acelerar os resultados da REMED.","og_url":"https:\/\/penseavanti.com.br\/ecommerce\/lp-remed-loja-online-vtex-de-farmacias-e-medicamentos-e-commerce\/","og_site_name":"Avanti | e-commerce e Marketing Digital","article_publisher":"https:\/\/www.facebook.com\/penseavanti\/","article_modified_time":"2022-01-26T13:22:59+00:00","og_image":[{"width":414,"height":400,"url":"https:\/\/penseavanti.com.br\/ecommerce\/wp-content\/uploads\/2021\/05\/Banner_Mobile_414x400_farmaAgora.png","type":"image\/png"}],"twitter_card":"summary_large_image","schema":{"@context":"https:\/\/schema.org","@graph":[{"@type":"WebPage","@id":"https:\/\/penseavanti.com.br\/ecommerce\/lp-remed-loja-online-vtex-de-farmacias-e-medicamentos-e-commerce\/","url":"https:\/\/penseavanti.com.br\/ecommerce\/lp-remed-loja-online-vtex-de-farmacias-e-medicamentos-e-commerce\/","name":"Remed: Loja online VTEX de Farm\u00e1cias e Medicamentos E-commerce","isPartOf":{"@id":"https:\/\/penseavanti.com.br\/ecommerce\/#website"},"datePublished":"2021-07-14T14:09:19+00:00","dateModified":"2022-01-26T13:22:59+00:00","description":"Conhe\u00e7a a Loja online no segmento de Farm\u00e1cias e Medicamentos com tecnologia VTEX. Veja como a Avanti e a Plataforma VTEX fizeram a diferen\u00e7a para acelerar os resultados da REMED.","breadcrumb":{"@id":"https:\/\/penseavanti.com.br\/ecommerce\/lp-remed-loja-online-vtex-de-farmacias-e-medicamentos-e-commerce\/#breadcrumb"},"inLanguage":"pt-BR","potentialAction":[{"@type":"ReadAction","target":["https:\/\/penseavanti.com.br\/ecommerce\/lp-remed-loja-online-vtex-de-farmacias-e-medicamentos-e-commerce\/"]}]},{"@type":"BreadcrumbList","@id":"https:\/\/penseavanti.com.br\/ecommerce\/lp-remed-loja-online-vtex-de-farmacias-e-medicamentos-e-commerce\/#breadcrumb","itemListElement":[{"@type":"ListItem","position":1,"name":"In\u00edcio","item":"https:\/\/penseavanti.com.br\/ecommerce\/"},{"@type":"ListItem","position":2,"name":"LP | Go Live | Farm\u00e1cias REMED | Desenvolvimento e Implanta\u00e7\u00e3o VTEX IO Segmento Medicamentos Sa\u00fade e Beleza"}]},{"@type":"WebSite","@id":"https:\/\/penseavanti.com.br\/ecommerce\/#website","url":"https:\/\/penseavanti.com.br\/ecommerce\/","name":"Avanti | e-commerce e Marketing Digital","description":"Acelerando GRANDES MARCAS no Com\u00e9rcio Digital. Como uma das maiores empresas de solu\u00e7\u00f5es para e-commerce do Brasil, a Avanti \u00e9 pioneira e especialista em usar o poder da tecnologia para acelerar o Com\u00e9rcio Digital do varejo, ind\u00fastria e servi\u00e7os","publisher":{"@id":"https:\/\/penseavanti.com.br\/ecommerce\/#organization"},"potentialAction":[{"@type":"SearchAction","target":{"@type":"EntryPoint","urlTemplate":"https:\/\/penseavanti.com.br\/ecommerce\/?s={search_term_string}"},"query-input":"required name=search_term_string"}],"inLanguage":"pt-BR"},{"@type":"Organization","@id":"https:\/\/penseavanti.com.br\/ecommerce\/#organization","name":"Avanti E-commerce e Marketing Digital","url":"https:\/\/penseavanti.com.br\/ecommerce\/","logo":{"@type":"ImageObject","inLanguage":"pt-BR","@id":"https:\/\/penseavanti.com.br\/ecommerce\/#\/schema\/logo\/image\/","url":"http:\/\/penseavanti.com.br\/wp-content\/uploads\/2021\/03\/Logo_A.png","contentUrl":"http:\/\/penseavanti.com.br\/wp-content\/uploads\/2021\/03\/Logo_A.png","width":200,"height":200,"caption":"Avanti E-commerce e Marketing Digital"},"image":{"@id":"https:\/\/penseavanti.com.br\/ecommerce\/#\/schema\/logo\/image\/"},"sameAs":["https:\/\/www.facebook.com\/penseavanti\/","https:\/\/www.instagram.com\/penseavanti\/","https:\/\/www.linkedin.com\/company\/penseavanti\/","https:\/\/youtube.com\/user\/penseavanti\/"]}]}},"_links":{"self":[{"href":"https:\/\/penseavanti.com.br\/ecommerce\/wp-json\/wp\/v2\/pages\/10062"}],"collection":[{"href":"https:\/\/penseavanti.com.br\/ecommerce\/wp-json\/wp\/v2\/pages"}],"about":[{"href":"https:\/\/penseavanti.com.br\/ecommerce\/wp-json\/wp\/v2\/types\/page"}],"author":[{"embeddable":true,"href":"https:\/\/penseavanti.com.br\/ecommerce\/wp-json\/wp\/v2\/users\/3"}],"replies":[{"embeddable":true,"href":"https:\/\/penseavanti.com.br\/ecommerce\/wp-json\/wp\/v2\/comments?post=10062"}],"version-history":[{"count":37,"href":"https:\/\/penseavanti.com.br\/ecommerce\/wp-json\/wp\/v2\/pages\/10062\/revisions"}],"predecessor-version":[{"id":17710,"href":"https:\/\/penseavanti.com.br\/ecommerce\/wp-json\/wp\/v2\/pages\/10062\/revisions\/17710"}],"wp:featuredmedia":[{"embeddable":true,"href":"https:\/\/penseavanti.com.br\/ecommerce\/wp-json\/wp\/v2\/media\/7399"}],"wp:attachment":[{"href":"https:\/\/penseavanti.com.br\/ecommerce\/wp-json\/wp\/v2\/media?parent=10062"}],"curies":[{"name":"wp","href":"https:\/\/api.w.org\/{rel}","templated":true}]}}