{"id":14209,"date":"2021-09-24T16:15:19","date_gmt":"2021-09-24T19:15:19","guid":{"rendered":"https:\/\/penseavanti.com.br\/lp-go-live-planeta-do-bebe-desenvolvimento-e-implantacao-vtex-io-produtos-bebes-e-infantis\/"},"modified":"2022-01-26T10:05:15","modified_gmt":"2022-01-26T13:05:15","slug":"lp-go-live-drogaria-catarinense-manipulacao-desenvolvimento-e-implantacao-vtex-io-segmento-farma-saude-e-beleza","status":"publish","type":"page","link":"https:\/\/penseavanti.com.br\/ecommerce\/lp-go-live-drogaria-catarinense-manipulacao-desenvolvimento-e-implantacao-vtex-io-segmento-farma-saude-e-beleza\/","title":{"rendered":"LP | Go Live | Drogaria Catarinense Manipulacao | Desenvolvimento e Implanta\u00e7\u00e3o VTEX Segmento Farma, Sa\u00fade e Beleza"},"content":{"rendered":"","protected":false},"excerpt":{"rendered":"","protected":false},"author":3,"featured_media":13475,"parent":0,"menu_order":38,"comment_status":"closed","ping_status":"closed","template":"tpl-services.php","meta":{"inline_featured_image":false,"footnotes":""},"acf":[],"yoast_head":"<!-- This site is optimized with the Yoast SEO plugin v21.9.1 - https:\/\/yoast.com\/wordpress\/plugins\/seo\/ -->\n<title>Go Live | Case Drogaria Catarinense Manipula\u00e7\u00e3o E-commerce Plataforma VTEX Loja Online Farmacia, Saude<\/title>\n<meta name=\"description\" content=\"Nova Loja da Drogaria Catarinense Manipula\u00e7\u00e3o, Conhe\u00e7a mais sobre como a Avanti e a Plataforma VTEX contribu\u00edram para a Acelera\u00e7\u00e3o do Com\u00e9rcio Digital desta grande rede de Farm\u00e1cias, l\u00edder no Segmento de Farmacia, Saude e Beleza\" \/>\n<meta name=\"robots\" content=\"index, follow, max-snippet:-1, max-image-preview:large, max-video-preview:-1\" \/>\n<link rel=\"canonical\" href=\"https:\/\/penseavanti.com.br\/ecommerce\/lp-go-live-drogaria-catarinense-manipulacao-desenvolvimento-e-implantacao-vtex-io-segmento-farma-saude-e-beleza\/\" \/>\n<meta property=\"og:locale\" content=\"pt_BR\" \/>\n<meta property=\"og:type\" content=\"article\" \/>\n<meta property=\"og:title\" content=\"Go Live | Case Drogaria Catarinense Manipula\u00e7\u00e3o E-commerce Plataforma VTEX Loja Online Farmacia, Saude\" \/>\n<meta property=\"og:description\" content=\"Nova Loja da Drogaria Catarinense Manipula\u00e7\u00e3o, Conhe\u00e7a mais sobre como a Avanti e a Plataforma VTEX contribu\u00edram para a Acelera\u00e7\u00e3o do Com\u00e9rcio Digital desta grande rede de Farm\u00e1cias, l\u00edder no Segmento de Farmacia, Saude e Beleza\" \/>\n<meta property=\"og:url\" content=\"https:\/\/penseavanti.com.br\/ecommerce\/lp-go-live-drogaria-catarinense-manipulacao-desenvolvimento-e-implantacao-vtex-io-segmento-farma-saude-e-beleza\/\" \/>\n<meta property=\"og:site_name\" content=\"Avanti | e-commerce e Marketing Digital\" \/>\n<meta property=\"article:publisher\" content=\"https:\/\/www.facebook.com\/penseavanti\/\" \/>\n<meta property=\"article:modified_time\" content=\"2022-01-26T13:05:15+00:00\" \/>\n<meta property=\"og:image\" content=\"https:\/\/penseavanti.com.br\/ecommerce\/wp-content\/uploads\/2021\/09\/Go-Live-Planeta-do-bebe-min.png\" \/>\n\t<meta property=\"og:image:width\" content=\"900\" \/>\n\t<meta property=\"og:image:height\" content=\"900\" \/>\n\t<meta property=\"og:image:type\" content=\"image\/png\" \/>\n<meta name=\"twitter:card\" content=\"summary_large_image\" \/>\n<!-- \/ Yoast SEO plugin. -->","yoast_head_json":{"title":"Go Live | Case Drogaria Catarinense Manipula\u00e7\u00e3o E-commerce Plataforma VTEX Loja Online Farmacia, Saude","description":"Nova Loja da Drogaria Catarinense Manipula\u00e7\u00e3o, Conhe\u00e7a mais sobre como a Avanti e a Plataforma VTEX contribu\u00edram para a Acelera\u00e7\u00e3o do Com\u00e9rcio Digital desta grande rede de Farm\u00e1cias, l\u00edder no Segmento de Farmacia, Saude e Beleza","robots":{"index":"index","follow":"follow","max-snippet":"max-snippet:-1","max-image-preview":"max-image-preview:large","max-video-preview":"max-video-preview:-1"},"canonical":"https:\/\/penseavanti.com.br\/ecommerce\/lp-go-live-drogaria-catarinense-manipulacao-desenvolvimento-e-implantacao-vtex-io-segmento-farma-saude-e-beleza\/","og_locale":"pt_BR","og_type":"article","og_title":"Go Live | Case Drogaria Catarinense Manipula\u00e7\u00e3o E-commerce Plataforma VTEX Loja Online Farmacia, Saude","og_description":"Nova Loja da Drogaria Catarinense Manipula\u00e7\u00e3o, Conhe\u00e7a mais sobre como a Avanti e a Plataforma VTEX contribu\u00edram para a Acelera\u00e7\u00e3o do Com\u00e9rcio Digital desta grande rede de Farm\u00e1cias, l\u00edder no Segmento de Farmacia, Saude e Beleza","og_url":"https:\/\/penseavanti.com.br\/ecommerce\/lp-go-live-drogaria-catarinense-manipulacao-desenvolvimento-e-implantacao-vtex-io-segmento-farma-saude-e-beleza\/","og_site_name":"Avanti | e-commerce e Marketing Digital","article_publisher":"https:\/\/www.facebook.com\/penseavanti\/","article_modified_time":"2022-01-26T13:05:15+00:00","og_image":[{"width":900,"height":900,"url":"https:\/\/penseavanti.com.br\/ecommerce\/wp-content\/uploads\/2021\/09\/Go-Live-Planeta-do-bebe-min.png","type":"image\/png"}],"twitter_card":"summary_large_image","schema":{"@context":"https:\/\/schema.org","@graph":[{"@type":"WebPage","@id":"https:\/\/penseavanti.com.br\/ecommerce\/lp-go-live-drogaria-catarinense-manipulacao-desenvolvimento-e-implantacao-vtex-io-segmento-farma-saude-e-beleza\/","url":"https:\/\/penseavanti.com.br\/ecommerce\/lp-go-live-drogaria-catarinense-manipulacao-desenvolvimento-e-implantacao-vtex-io-segmento-farma-saude-e-beleza\/","name":"Go Live | Case Drogaria Catarinense Manipula\u00e7\u00e3o E-commerce Plataforma VTEX Loja Online Farmacia, Saude","isPartOf":{"@id":"https:\/\/penseavanti.com.br\/ecommerce\/#website"},"datePublished":"2021-09-24T19:15:19+00:00","dateModified":"2022-01-26T13:05:15+00:00","description":"Nova Loja da Drogaria Catarinense Manipula\u00e7\u00e3o, Conhe\u00e7a mais sobre como a Avanti e a Plataforma VTEX contribu\u00edram para a Acelera\u00e7\u00e3o do Com\u00e9rcio Digital desta grande rede de Farm\u00e1cias, l\u00edder no Segmento de Farmacia, Saude e Beleza","breadcrumb":{"@id":"https:\/\/penseavanti.com.br\/ecommerce\/lp-go-live-drogaria-catarinense-manipulacao-desenvolvimento-e-implantacao-vtex-io-segmento-farma-saude-e-beleza\/#breadcrumb"},"inLanguage":"pt-BR","potentialAction":[{"@type":"ReadAction","target":["https:\/\/penseavanti.com.br\/ecommerce\/lp-go-live-drogaria-catarinense-manipulacao-desenvolvimento-e-implantacao-vtex-io-segmento-farma-saude-e-beleza\/"]}]},{"@type":"BreadcrumbList","@id":"https:\/\/penseavanti.com.br\/ecommerce\/lp-go-live-drogaria-catarinense-manipulacao-desenvolvimento-e-implantacao-vtex-io-segmento-farma-saude-e-beleza\/#breadcrumb","itemListElement":[{"@type":"ListItem","position":1,"name":"In\u00edcio","item":"https:\/\/penseavanti.com.br\/ecommerce\/"},{"@type":"ListItem","position":2,"name":"LP | Go Live | Drogaria Catarinense Manipulacao | Desenvolvimento e Implanta\u00e7\u00e3o VTEX Segmento Farma, Sa\u00fade e Beleza"}]},{"@type":"WebSite","@id":"https:\/\/penseavanti.com.br\/ecommerce\/#website","url":"https:\/\/penseavanti.com.br\/ecommerce\/","name":"Avanti | e-commerce e Marketing Digital","description":"Acelerando GRANDES MARCAS no Com\u00e9rcio Digital. Como uma das maiores empresas de solu\u00e7\u00f5es para e-commerce do Brasil, a Avanti \u00e9 pioneira e especialista em usar o poder da tecnologia para acelerar o Com\u00e9rcio Digital do varejo, ind\u00fastria e servi\u00e7os","publisher":{"@id":"https:\/\/penseavanti.com.br\/ecommerce\/#organization"},"potentialAction":[{"@type":"SearchAction","target":{"@type":"EntryPoint","urlTemplate":"https:\/\/penseavanti.com.br\/ecommerce\/?s={search_term_string}"},"query-input":"required name=search_term_string"}],"inLanguage":"pt-BR"},{"@type":"Organization","@id":"https:\/\/penseavanti.com.br\/ecommerce\/#organization","name":"Avanti E-commerce e Marketing Digital","url":"https:\/\/penseavanti.com.br\/ecommerce\/","logo":{"@type":"ImageObject","inLanguage":"pt-BR","@id":"https:\/\/penseavanti.com.br\/ecommerce\/#\/schema\/logo\/image\/","url":"http:\/\/penseavanti.com.br\/wp-content\/uploads\/2021\/03\/Logo_A.png","contentUrl":"http:\/\/penseavanti.com.br\/wp-content\/uploads\/2021\/03\/Logo_A.png","width":200,"height":200,"caption":"Avanti E-commerce e Marketing Digital"},"image":{"@id":"https:\/\/penseavanti.com.br\/ecommerce\/#\/schema\/logo\/image\/"},"sameAs":["https:\/\/www.facebook.com\/penseavanti\/","https:\/\/www.instagram.com\/penseavanti\/","https:\/\/www.linkedin.com\/company\/penseavanti\/","https:\/\/youtube.com\/user\/penseavanti\/"]}]}},"_links":{"self":[{"href":"https:\/\/penseavanti.com.br\/ecommerce\/wp-json\/wp\/v2\/pages\/14209"}],"collection":[{"href":"https:\/\/penseavanti.com.br\/ecommerce\/wp-json\/wp\/v2\/pages"}],"about":[{"href":"https:\/\/penseavanti.com.br\/ecommerce\/wp-json\/wp\/v2\/types\/page"}],"author":[{"embeddable":true,"href":"https:\/\/penseavanti.com.br\/ecommerce\/wp-json\/wp\/v2\/users\/3"}],"replies":[{"embeddable":true,"href":"https:\/\/penseavanti.com.br\/ecommerce\/wp-json\/wp\/v2\/comments?post=14209"}],"version-history":[{"count":17,"href":"https:\/\/penseavanti.com.br\/ecommerce\/wp-json\/wp\/v2\/pages\/14209\/revisions"}],"predecessor-version":[{"id":17706,"href":"https:\/\/penseavanti.com.br\/ecommerce\/wp-json\/wp\/v2\/pages\/14209\/revisions\/17706"}],"wp:featuredmedia":[{"embeddable":true,"href":"https:\/\/penseavanti.com.br\/ecommerce\/wp-json\/wp\/v2\/media\/13475"}],"wp:attachment":[{"href":"https:\/\/penseavanti.com.br\/ecommerce\/wp-json\/wp\/v2\/media?parent=14209"}],"curies":[{"name":"wp","href":"https:\/\/api.w.org\/{rel}","templated":true}]}}