{"id":15337,"date":"2021-11-16T11:56:08","date_gmt":"2021-11-16T14:56:08","guid":{"rendered":"https:\/\/penseavanti.com.br\/lp-go-live-feirinha-da-concordia-desenvolvimento-e-implantacao-vtex-io-e-commerce-moda\/"},"modified":"2022-02-08T14:59:21","modified_gmt":"2022-02-08T17:59:21","slug":"lp-go-live-greenish-implantacao-vtex-segmento-surfwear","status":"publish","type":"page","link":"https:\/\/penseavanti.com.br\/ecommerce\/lp-go-live-greenish-implantacao-vtex-segmento-surfwear\/","title":{"rendered":"LP | Go Live | GREENISH | Implanta\u00e7\u00e3o VTEX SEGMENTO Surfwear"},"content":{"rendered":"","protected":false},"excerpt":{"rendered":"","protected":false},"author":15,"featured_media":14785,"parent":0,"menu_order":27,"comment_status":"closed","ping_status":"closed","template":"tpl-services.php","meta":{"inline_featured_image":false,"footnotes":""},"acf":[],"yoast_head":"<!-- This site is optimized with the Yoast SEO plugin v21.9.1 - https:\/\/yoast.com\/wordpress\/plugins\/seo\/ -->\n<title>Greenish Surfwear | Acelerando no e-commerce com VTEX e Avanti<\/title>\n<meta name=\"description\" content=\"A Greenish, referencia em moda surfwear no e-commerce, acelera nas vendas online com o apoio da Avanti e da tecnologia VTEX.\" \/>\n<meta name=\"robots\" content=\"index, follow, max-snippet:-1, max-image-preview:large, max-video-preview:-1\" \/>\n<link rel=\"canonical\" href=\"https:\/\/penseavanti.com.br\/ecommerce\/lp-go-live-greenish-implantacao-vtex-segmento-surfwear\/\" \/>\n<meta property=\"og:locale\" content=\"pt_BR\" \/>\n<meta property=\"og:type\" content=\"article\" \/>\n<meta property=\"og:title\" content=\"Greenish Surfwear | Acelerando no e-commerce com VTEX e Avanti\" \/>\n<meta property=\"og:description\" content=\"A Greenish, referencia em moda surfwear no e-commerce, acelera nas vendas online com o apoio da Avanti e da tecnologia VTEX.\" \/>\n<meta property=\"og:url\" content=\"https:\/\/penseavanti.com.br\/ecommerce\/lp-go-live-greenish-implantacao-vtex-segmento-surfwear\/\" \/>\n<meta property=\"og:site_name\" content=\"Avanti | e-commerce e Marketing Digital\" \/>\n<meta property=\"article:publisher\" content=\"https:\/\/www.facebook.com\/penseavanti\/\" \/>\n<meta property=\"article:modified_time\" content=\"2022-02-08T17:59:21+00:00\" \/>\n<meta property=\"og:image\" content=\"https:\/\/penseavanti.com.br\/ecommerce\/wp-content\/uploads\/2021\/10\/CARD-GREENISH-min.png\" \/>\n\t<meta property=\"og:image:width\" content=\"900\" \/>\n\t<meta property=\"og:image:height\" content=\"960\" \/>\n\t<meta property=\"og:image:type\" content=\"image\/png\" \/>\n<meta name=\"twitter:card\" content=\"summary_large_image\" \/>\n<!-- \/ Yoast SEO plugin. -->","yoast_head_json":{"title":"Greenish Surfwear | Acelerando no e-commerce com VTEX e Avanti","description":"A Greenish, referencia em moda surfwear no e-commerce, acelera nas vendas online com o apoio da Avanti e da tecnologia VTEX.","robots":{"index":"index","follow":"follow","max-snippet":"max-snippet:-1","max-image-preview":"max-image-preview:large","max-video-preview":"max-video-preview:-1"},"canonical":"https:\/\/penseavanti.com.br\/ecommerce\/lp-go-live-greenish-implantacao-vtex-segmento-surfwear\/","og_locale":"pt_BR","og_type":"article","og_title":"Greenish Surfwear | Acelerando no e-commerce com VTEX e Avanti","og_description":"A Greenish, referencia em moda surfwear no e-commerce, acelera nas vendas online com o apoio da Avanti e da tecnologia VTEX.","og_url":"https:\/\/penseavanti.com.br\/ecommerce\/lp-go-live-greenish-implantacao-vtex-segmento-surfwear\/","og_site_name":"Avanti | e-commerce e Marketing Digital","article_publisher":"https:\/\/www.facebook.com\/penseavanti\/","article_modified_time":"2022-02-08T17:59:21+00:00","og_image":[{"width":900,"height":960,"url":"https:\/\/penseavanti.com.br\/ecommerce\/wp-content\/uploads\/2021\/10\/CARD-GREENISH-min.png","type":"image\/png"}],"twitter_card":"summary_large_image","schema":{"@context":"https:\/\/schema.org","@graph":[{"@type":"WebPage","@id":"https:\/\/penseavanti.com.br\/ecommerce\/lp-go-live-greenish-implantacao-vtex-segmento-surfwear\/","url":"https:\/\/penseavanti.com.br\/ecommerce\/lp-go-live-greenish-implantacao-vtex-segmento-surfwear\/","name":"Greenish Surfwear | Acelerando no e-commerce com VTEX e Avanti","isPartOf":{"@id":"https:\/\/penseavanti.com.br\/ecommerce\/#website"},"datePublished":"2021-11-16T14:56:08+00:00","dateModified":"2022-02-08T17:59:21+00:00","description":"A Greenish, referencia em moda surfwear no e-commerce, acelera nas vendas online com o apoio da Avanti e da tecnologia VTEX.","breadcrumb":{"@id":"https:\/\/penseavanti.com.br\/ecommerce\/lp-go-live-greenish-implantacao-vtex-segmento-surfwear\/#breadcrumb"},"inLanguage":"pt-BR","potentialAction":[{"@type":"ReadAction","target":["https:\/\/penseavanti.com.br\/ecommerce\/lp-go-live-greenish-implantacao-vtex-segmento-surfwear\/"]}]},{"@type":"BreadcrumbList","@id":"https:\/\/penseavanti.com.br\/ecommerce\/lp-go-live-greenish-implantacao-vtex-segmento-surfwear\/#breadcrumb","itemListElement":[{"@type":"ListItem","position":1,"name":"In\u00edcio","item":"https:\/\/penseavanti.com.br\/ecommerce\/"},{"@type":"ListItem","position":2,"name":"LP | Go Live | GREENISH | Implanta\u00e7\u00e3o VTEX SEGMENTO Surfwear"}]},{"@type":"WebSite","@id":"https:\/\/penseavanti.com.br\/ecommerce\/#website","url":"https:\/\/penseavanti.com.br\/ecommerce\/","name":"Avanti | e-commerce e Marketing Digital","description":"Acelerando GRANDES MARCAS no Com\u00e9rcio Digital. Como uma das maiores empresas de solu\u00e7\u00f5es para e-commerce do Brasil, a Avanti \u00e9 pioneira e especialista em usar o poder da tecnologia para acelerar o Com\u00e9rcio Digital do varejo, ind\u00fastria e servi\u00e7os","publisher":{"@id":"https:\/\/penseavanti.com.br\/ecommerce\/#organization"},"potentialAction":[{"@type":"SearchAction","target":{"@type":"EntryPoint","urlTemplate":"https:\/\/penseavanti.com.br\/ecommerce\/?s={search_term_string}"},"query-input":"required name=search_term_string"}],"inLanguage":"pt-BR"},{"@type":"Organization","@id":"https:\/\/penseavanti.com.br\/ecommerce\/#organization","name":"Avanti E-commerce e Marketing Digital","url":"https:\/\/penseavanti.com.br\/ecommerce\/","logo":{"@type":"ImageObject","inLanguage":"pt-BR","@id":"https:\/\/penseavanti.com.br\/ecommerce\/#\/schema\/logo\/image\/","url":"http:\/\/penseavanti.com.br\/wp-content\/uploads\/2021\/03\/Logo_A.png","contentUrl":"http:\/\/penseavanti.com.br\/wp-content\/uploads\/2021\/03\/Logo_A.png","width":200,"height":200,"caption":"Avanti E-commerce e Marketing Digital"},"image":{"@id":"https:\/\/penseavanti.com.br\/ecommerce\/#\/schema\/logo\/image\/"},"sameAs":["https:\/\/www.facebook.com\/penseavanti\/","https:\/\/www.instagram.com\/penseavanti\/","https:\/\/www.linkedin.com\/company\/penseavanti\/","https:\/\/youtube.com\/user\/penseavanti\/"]}]}},"_links":{"self":[{"href":"https:\/\/penseavanti.com.br\/ecommerce\/wp-json\/wp\/v2\/pages\/15337"}],"collection":[{"href":"https:\/\/penseavanti.com.br\/ecommerce\/wp-json\/wp\/v2\/pages"}],"about":[{"href":"https:\/\/penseavanti.com.br\/ecommerce\/wp-json\/wp\/v2\/types\/page"}],"author":[{"embeddable":true,"href":"https:\/\/penseavanti.com.br\/ecommerce\/wp-json\/wp\/v2\/users\/15"}],"replies":[{"embeddable":true,"href":"https:\/\/penseavanti.com.br\/ecommerce\/wp-json\/wp\/v2\/comments?post=15337"}],"version-history":[{"count":45,"href":"https:\/\/penseavanti.com.br\/ecommerce\/wp-json\/wp\/v2\/pages\/15337\/revisions"}],"predecessor-version":[{"id":17725,"href":"https:\/\/penseavanti.com.br\/ecommerce\/wp-json\/wp\/v2\/pages\/15337\/revisions\/17725"}],"wp:featuredmedia":[{"embeddable":true,"href":"https:\/\/penseavanti.com.br\/ecommerce\/wp-json\/wp\/v2\/media\/14785"}],"wp:attachment":[{"href":"https:\/\/penseavanti.com.br\/ecommerce\/wp-json\/wp\/v2\/media?parent=15337"}],"curies":[{"name":"wp","href":"https:\/\/api.w.org\/{rel}","templated":true}]}}