{"id":15360,"date":"2021-11-16T15:53:02","date_gmt":"2021-11-16T18:53:02","guid":{"rendered":"https:\/\/penseavanti.com.br\/lp-go-live-interdental-implantacao-vtex-segmento-odontologico-2\/"},"modified":"2022-03-07T12:40:39","modified_gmt":"2022-03-07T15:40:39","slug":"lp-go-live-interdental-implantacao-vtex-segmento-odontologico","status":"publish","type":"page","link":"https:\/\/penseavanti.com.br\/ecommerce\/lp-go-live-interdental-implantacao-vtex-segmento-odontologico\/","title":{"rendered":"LP | Go Live | INTERDENTAL | Implanta\u00e7\u00e3o VTEX SEGMENTO Odontol\u00f3gico"},"content":{"rendered":"","protected":false},"excerpt":{"rendered":"","protected":false},"author":15,"featured_media":17615,"parent":0,"menu_order":26,"comment_status":"closed","ping_status":"closed","template":"tpl-services.php","meta":{"inline_featured_image":false,"footnotes":""},"acf":[],"yoast_head":"<!-- This site is optimized with the Yoast SEO plugin v21.9.1 - https:\/\/yoast.com\/wordpress\/plugins\/seo\/ -->\n<title>Go Live Interdental | Implanta\u00e7\u00e3o VTEX IO e-commerce<\/title>\n<meta name=\"description\" content=\"A interdental faz parte do e-commerce de odontologia e com o apoio da Avanti e da tecnologia VTEX IO, ela agora acelera no Digital.\" \/>\n<meta name=\"robots\" content=\"index, follow, max-snippet:-1, max-image-preview:large, max-video-preview:-1\" \/>\n<link rel=\"canonical\" href=\"https:\/\/penseavanti.com.br\/ecommerce\/lp-go-live-interdental-implantacao-vtex-segmento-odontologico\/\" \/>\n<meta property=\"og:locale\" content=\"pt_BR\" \/>\n<meta property=\"og:type\" content=\"article\" \/>\n<meta property=\"og:title\" content=\"Go Live Interdental | Implanta\u00e7\u00e3o VTEX IO e-commerce\" \/>\n<meta property=\"og:description\" content=\"A interdental faz parte do e-commerce de odontologia e com o apoio da Avanti e da tecnologia VTEX IO, ela agora acelera no Digital.\" \/>\n<meta property=\"og:url\" content=\"https:\/\/penseavanti.com.br\/ecommerce\/lp-go-live-interdental-implantacao-vtex-segmento-odontologico\/\" \/>\n<meta property=\"og:site_name\" content=\"Avanti | e-commerce e Marketing Digital\" \/>\n<meta property=\"article:publisher\" content=\"https:\/\/www.facebook.com\/penseavanti\/\" \/>\n<meta property=\"article:modified_time\" content=\"2022-03-07T15:40:39+00:00\" \/>\n<meta property=\"og:image\" content=\"https:\/\/penseavanti.com.br\/ecommerce\/wp-content\/uploads\/2022\/01\/Go-Live-Interdental-1.png\" \/>\n\t<meta property=\"og:image:width\" content=\"900\" \/>\n\t<meta property=\"og:image:height\" content=\"900\" \/>\n\t<meta property=\"og:image:type\" content=\"image\/png\" \/>\n<meta name=\"twitter:card\" content=\"summary_large_image\" \/>\n<!-- \/ Yoast SEO plugin. -->","yoast_head_json":{"title":"Go Live Interdental | Implanta\u00e7\u00e3o VTEX IO e-commerce","description":"A interdental faz parte do e-commerce de odontologia e com o apoio da Avanti e da tecnologia VTEX IO, ela agora acelera no Digital.","robots":{"index":"index","follow":"follow","max-snippet":"max-snippet:-1","max-image-preview":"max-image-preview:large","max-video-preview":"max-video-preview:-1"},"canonical":"https:\/\/penseavanti.com.br\/ecommerce\/lp-go-live-interdental-implantacao-vtex-segmento-odontologico\/","og_locale":"pt_BR","og_type":"article","og_title":"Go Live Interdental | Implanta\u00e7\u00e3o VTEX IO e-commerce","og_description":"A interdental faz parte do e-commerce de odontologia e com o apoio da Avanti e da tecnologia VTEX IO, ela agora acelera no Digital.","og_url":"https:\/\/penseavanti.com.br\/ecommerce\/lp-go-live-interdental-implantacao-vtex-segmento-odontologico\/","og_site_name":"Avanti | e-commerce e Marketing Digital","article_publisher":"https:\/\/www.facebook.com\/penseavanti\/","article_modified_time":"2022-03-07T15:40:39+00:00","og_image":[{"width":900,"height":900,"url":"https:\/\/penseavanti.com.br\/ecommerce\/wp-content\/uploads\/2022\/01\/Go-Live-Interdental-1.png","type":"image\/png"}],"twitter_card":"summary_large_image","schema":{"@context":"https:\/\/schema.org","@graph":[{"@type":"WebPage","@id":"https:\/\/penseavanti.com.br\/ecommerce\/lp-go-live-interdental-implantacao-vtex-segmento-odontologico\/","url":"https:\/\/penseavanti.com.br\/ecommerce\/lp-go-live-interdental-implantacao-vtex-segmento-odontologico\/","name":"Go Live Interdental | Implanta\u00e7\u00e3o VTEX IO e-commerce","isPartOf":{"@id":"https:\/\/penseavanti.com.br\/ecommerce\/#website"},"datePublished":"2021-11-16T18:53:02+00:00","dateModified":"2022-03-07T15:40:39+00:00","description":"A interdental faz parte do e-commerce de odontologia e com o apoio da Avanti e da tecnologia VTEX IO, ela agora acelera no Digital.","breadcrumb":{"@id":"https:\/\/penseavanti.com.br\/ecommerce\/lp-go-live-interdental-implantacao-vtex-segmento-odontologico\/#breadcrumb"},"inLanguage":"pt-BR","potentialAction":[{"@type":"ReadAction","target":["https:\/\/penseavanti.com.br\/ecommerce\/lp-go-live-interdental-implantacao-vtex-segmento-odontologico\/"]}]},{"@type":"BreadcrumbList","@id":"https:\/\/penseavanti.com.br\/ecommerce\/lp-go-live-interdental-implantacao-vtex-segmento-odontologico\/#breadcrumb","itemListElement":[{"@type":"ListItem","position":1,"name":"In\u00edcio","item":"https:\/\/penseavanti.com.br\/ecommerce\/"},{"@type":"ListItem","position":2,"name":"LP | Go Live | INTERDENTAL | Implanta\u00e7\u00e3o VTEX SEGMENTO Odontol\u00f3gico"}]},{"@type":"WebSite","@id":"https:\/\/penseavanti.com.br\/ecommerce\/#website","url":"https:\/\/penseavanti.com.br\/ecommerce\/","name":"Avanti | e-commerce e Marketing Digital","description":"Acelerando GRANDES MARCAS no Com\u00e9rcio Digital. Como uma das maiores empresas de solu\u00e7\u00f5es para e-commerce do Brasil, a Avanti \u00e9 pioneira e especialista em usar o poder da tecnologia para acelerar o Com\u00e9rcio Digital do varejo, ind\u00fastria e servi\u00e7os","publisher":{"@id":"https:\/\/penseavanti.com.br\/ecommerce\/#organization"},"potentialAction":[{"@type":"SearchAction","target":{"@type":"EntryPoint","urlTemplate":"https:\/\/penseavanti.com.br\/ecommerce\/?s={search_term_string}"},"query-input":"required name=search_term_string"}],"inLanguage":"pt-BR"},{"@type":"Organization","@id":"https:\/\/penseavanti.com.br\/ecommerce\/#organization","name":"Avanti E-commerce e Marketing Digital","url":"https:\/\/penseavanti.com.br\/ecommerce\/","logo":{"@type":"ImageObject","inLanguage":"pt-BR","@id":"https:\/\/penseavanti.com.br\/ecommerce\/#\/schema\/logo\/image\/","url":"http:\/\/penseavanti.com.br\/wp-content\/uploads\/2021\/03\/Logo_A.png","contentUrl":"http:\/\/penseavanti.com.br\/wp-content\/uploads\/2021\/03\/Logo_A.png","width":200,"height":200,"caption":"Avanti E-commerce e Marketing Digital"},"image":{"@id":"https:\/\/penseavanti.com.br\/ecommerce\/#\/schema\/logo\/image\/"},"sameAs":["https:\/\/www.facebook.com\/penseavanti\/","https:\/\/www.instagram.com\/penseavanti\/","https:\/\/www.linkedin.com\/company\/penseavanti\/","https:\/\/youtube.com\/user\/penseavanti\/"]}]}},"_links":{"self":[{"href":"https:\/\/penseavanti.com.br\/ecommerce\/wp-json\/wp\/v2\/pages\/15360"}],"collection":[{"href":"https:\/\/penseavanti.com.br\/ecommerce\/wp-json\/wp\/v2\/pages"}],"about":[{"href":"https:\/\/penseavanti.com.br\/ecommerce\/wp-json\/wp\/v2\/types\/page"}],"author":[{"embeddable":true,"href":"https:\/\/penseavanti.com.br\/ecommerce\/wp-json\/wp\/v2\/users\/15"}],"replies":[{"embeddable":true,"href":"https:\/\/penseavanti.com.br\/ecommerce\/wp-json\/wp\/v2\/comments?post=15360"}],"version-history":[{"count":29,"href":"https:\/\/penseavanti.com.br\/ecommerce\/wp-json\/wp\/v2\/pages\/15360\/revisions"}],"predecessor-version":[{"id":18839,"href":"https:\/\/penseavanti.com.br\/ecommerce\/wp-json\/wp\/v2\/pages\/15360\/revisions\/18839"}],"wp:featuredmedia":[{"embeddable":true,"href":"https:\/\/penseavanti.com.br\/ecommerce\/wp-json\/wp\/v2\/media\/17615"}],"wp:attachment":[{"href":"https:\/\/penseavanti.com.br\/ecommerce\/wp-json\/wp\/v2\/media?parent=15360"}],"curies":[{"name":"wp","href":"https:\/\/api.w.org\/{rel}","templated":true}]}}