{"id":8607,"date":"2021-06-22T16:45:17","date_gmt":"2021-06-22T19:45:17","guid":{"rendered":"https:\/\/penseavanti.com.br\/pinterest-ads-agencia-pinterest-ads-2\/"},"modified":"2021-10-05T15:01:34","modified_gmt":"2021-10-05T18:01:34","slug":"especialista-quadrante-vtex","status":"publish","type":"page","link":"https:\/\/penseavanti.com.br\/ecommerce\/especialista-quadrante-vtex\/","title":{"rendered":"LP | Quadrante VTEX | Agencia Parceira Especialista VTEX"},"content":{"rendered":"","protected":false},"excerpt":{"rendered":"","protected":false},"author":10,"featured_media":0,"parent":0,"menu_order":91,"comment_status":"closed","ping_status":"closed","template":"tpl-services.php","meta":{"inline_featured_image":false,"footnotes":""},"acf":[],"yoast_head":"<!-- This site is optimized with the Yoast SEO plugin v21.9.1 - https:\/\/yoast.com\/wordpress\/plugins\/seo\/ -->\n<title>Quadrante VTEX Partner | Parceira Especialista VTEX<\/title>\n<meta name=\"description\" content=\"Ag\u00eancia Parceira Quadrante VTEX . Entenda o que \u00e9 preciso para ser parceiro especialista VTEX e qual a import\u00e2ncia do Quadrante VTEX Partner.\" \/>\n<meta name=\"robots\" content=\"index, follow, max-snippet:-1, max-image-preview:large, max-video-preview:-1\" \/>\n<link rel=\"canonical\" href=\"https:\/\/penseavanti.com.br\/ecommerce\/especialista-quadrante-vtex\/\" \/>\n<meta property=\"og:locale\" content=\"pt_BR\" \/>\n<meta property=\"og:type\" content=\"article\" \/>\n<meta property=\"og:title\" content=\"Quadrante VTEX Partner | Parceira Especialista VTEX\" \/>\n<meta property=\"og:description\" content=\"Ag\u00eancia Parceira Quadrante VTEX . Entenda o que \u00e9 preciso para ser parceiro especialista VTEX e qual a import\u00e2ncia do Quadrante VTEX Partner.\" \/>\n<meta property=\"og:url\" content=\"https:\/\/penseavanti.com.br\/ecommerce\/especialista-quadrante-vtex\/\" \/>\n<meta property=\"og:site_name\" content=\"Avanti | e-commerce e Marketing Digital\" \/>\n<meta property=\"article:publisher\" content=\"https:\/\/www.facebook.com\/penseavanti\/\" \/>\n<meta property=\"article:modified_time\" content=\"2021-10-05T18:01:34+00:00\" \/>\n<meta name=\"twitter:card\" content=\"summary_large_image\" \/>\n<!-- \/ Yoast SEO plugin. -->","yoast_head_json":{"title":"Quadrante VTEX Partner | Parceira Especialista VTEX","description":"Ag\u00eancia Parceira Quadrante VTEX . Entenda o que \u00e9 preciso para ser parceiro especialista VTEX e qual a import\u00e2ncia do Quadrante VTEX Partner.","robots":{"index":"index","follow":"follow","max-snippet":"max-snippet:-1","max-image-preview":"max-image-preview:large","max-video-preview":"max-video-preview:-1"},"canonical":"https:\/\/penseavanti.com.br\/ecommerce\/especialista-quadrante-vtex\/","og_locale":"pt_BR","og_type":"article","og_title":"Quadrante VTEX Partner | Parceira Especialista VTEX","og_description":"Ag\u00eancia Parceira Quadrante VTEX . Entenda o que \u00e9 preciso para ser parceiro especialista VTEX e qual a import\u00e2ncia do Quadrante VTEX Partner.","og_url":"https:\/\/penseavanti.com.br\/ecommerce\/especialista-quadrante-vtex\/","og_site_name":"Avanti | e-commerce e Marketing Digital","article_publisher":"https:\/\/www.facebook.com\/penseavanti\/","article_modified_time":"2021-10-05T18:01:34+00:00","twitter_card":"summary_large_image","schema":{"@context":"https:\/\/schema.org","@graph":[{"@type":"WebPage","@id":"https:\/\/penseavanti.com.br\/ecommerce\/especialista-quadrante-vtex\/","url":"https:\/\/penseavanti.com.br\/ecommerce\/especialista-quadrante-vtex\/","name":"Quadrante VTEX Partner | Parceira Especialista VTEX","isPartOf":{"@id":"https:\/\/penseavanti.com.br\/ecommerce\/#website"},"datePublished":"2021-06-22T19:45:17+00:00","dateModified":"2021-10-05T18:01:34+00:00","description":"Ag\u00eancia Parceira Quadrante VTEX . Entenda o que \u00e9 preciso para ser parceiro especialista VTEX e qual a import\u00e2ncia do Quadrante VTEX Partner.","breadcrumb":{"@id":"https:\/\/penseavanti.com.br\/ecommerce\/especialista-quadrante-vtex\/#breadcrumb"},"inLanguage":"pt-BR","potentialAction":[{"@type":"ReadAction","target":["https:\/\/penseavanti.com.br\/ecommerce\/especialista-quadrante-vtex\/"]}]},{"@type":"BreadcrumbList","@id":"https:\/\/penseavanti.com.br\/ecommerce\/especialista-quadrante-vtex\/#breadcrumb","itemListElement":[{"@type":"ListItem","position":1,"name":"In\u00edcio","item":"https:\/\/penseavanti.com.br\/ecommerce\/"},{"@type":"ListItem","position":2,"name":"LP | Quadrante VTEX | Agencia Parceira Especialista VTEX"}]},{"@type":"WebSite","@id":"https:\/\/penseavanti.com.br\/ecommerce\/#website","url":"https:\/\/penseavanti.com.br\/ecommerce\/","name":"Avanti | e-commerce e Marketing Digital","description":"Acelerando GRANDES MARCAS no Com\u00e9rcio Digital. Como uma das maiores empresas de solu\u00e7\u00f5es para e-commerce do Brasil, a Avanti \u00e9 pioneira e especialista em usar o poder da tecnologia para acelerar o Com\u00e9rcio Digital do varejo, ind\u00fastria e servi\u00e7os","publisher":{"@id":"https:\/\/penseavanti.com.br\/ecommerce\/#organization"},"potentialAction":[{"@type":"SearchAction","target":{"@type":"EntryPoint","urlTemplate":"https:\/\/penseavanti.com.br\/ecommerce\/?s={search_term_string}"},"query-input":"required name=search_term_string"}],"inLanguage":"pt-BR"},{"@type":"Organization","@id":"https:\/\/penseavanti.com.br\/ecommerce\/#organization","name":"Avanti E-commerce e Marketing Digital","url":"https:\/\/penseavanti.com.br\/ecommerce\/","logo":{"@type":"ImageObject","inLanguage":"pt-BR","@id":"https:\/\/penseavanti.com.br\/ecommerce\/#\/schema\/logo\/image\/","url":"http:\/\/penseavanti.com.br\/wp-content\/uploads\/2021\/03\/Logo_A.png","contentUrl":"http:\/\/penseavanti.com.br\/wp-content\/uploads\/2021\/03\/Logo_A.png","width":200,"height":200,"caption":"Avanti E-commerce e Marketing Digital"},"image":{"@id":"https:\/\/penseavanti.com.br\/ecommerce\/#\/schema\/logo\/image\/"},"sameAs":["https:\/\/www.facebook.com\/penseavanti\/","https:\/\/www.instagram.com\/penseavanti\/","https:\/\/www.linkedin.com\/company\/penseavanti\/","https:\/\/youtube.com\/user\/penseavanti\/"]}]}},"_links":{"self":[{"href":"https:\/\/penseavanti.com.br\/ecommerce\/wp-json\/wp\/v2\/pages\/8607"}],"collection":[{"href":"https:\/\/penseavanti.com.br\/ecommerce\/wp-json\/wp\/v2\/pages"}],"about":[{"href":"https:\/\/penseavanti.com.br\/ecommerce\/wp-json\/wp\/v2\/types\/page"}],"author":[{"embeddable":true,"href":"https:\/\/penseavanti.com.br\/ecommerce\/wp-json\/wp\/v2\/users\/10"}],"replies":[{"embeddable":true,"href":"https:\/\/penseavanti.com.br\/ecommerce\/wp-json\/wp\/v2\/comments?post=8607"}],"version-history":[{"count":35,"href":"https:\/\/penseavanti.com.br\/ecommerce\/wp-json\/wp\/v2\/pages\/8607\/revisions"}],"predecessor-version":[{"id":14434,"href":"https:\/\/penseavanti.com.br\/ecommerce\/wp-json\/wp\/v2\/pages\/8607\/revisions\/14434"}],"wp:attachment":[{"href":"https:\/\/penseavanti.com.br\/ecommerce\/wp-json\/wp\/v2\/media?parent=8607"}],"curies":[{"name":"wp","href":"https:\/\/api.w.org\/{rel}","templated":true}]}}